{"id":71,"date":"2022-12-17T23:17:46","date_gmt":"2022-12-17T23:17:46","guid":{"rendered":"https:\/\/temape.com.br\/wp\/?page_id=71"},"modified":"2022-12-21T19:23:38","modified_gmt":"2022-12-21T19:23:38","slug":"agendamento","status":"publish","type":"page","link":"https:\/\/temape.com.br\/wp\/agendamento\/","title":{"rendered":"Agendamento"},"content":{"rendered":"\n<p class=\"has-large-font-size\"><strong>Agendamento Online<\/strong><\/p>\n\n\n\n<p class=\"has-medium-font-size\">Encontre servi\u00e7os que s\u00e3o importantes no seu dia-a-dia: realizar programa\u00e7\u00f5es, agendar retiradas e acompanhar todo o processo operacional. Tudo isso, 24 horas por dia, sete dias por semana.<\/p>\n\n\n\n<p class=\"has-medium-font-size\"><strong>\u2022 Gest\u00e3o de Estoque;<\/strong><br><strong>\u2022 Planejamento de Carga e Descarga;<\/strong><br><strong>\u2022 Relat\u00f3rios online de Agendamento e Movimenta\u00e7\u00e3o.<\/strong><\/p>\n\n\n\n<div class=\"wp-block-columns is-layout-flex wp-container-core-columns-is-layout-9d6595d7 wp-block-columns-is-layout-flex\">\n<div class=\"wp-block-column is-layout-flow wp-block-column-is-layout-flow\" style=\"flex-basis:66.66%\">\n<div class=\"wp-block-buttons is-layout-flex wp-block-buttons-is-layout-flex\">\n<div class=\"wp-block-button\"><a class=\"wp-block-button__link wp-element-button\" href=\"http:\/\/programacao.temape.com.br\" target=\"_blank\" rel=\"noreferrer noopener\">Portal de Agendamentos<\/a><\/div>\n<\/div>\n\n\n\n<div class=\"wp-block-buttons is-layout-flex wp-block-buttons-is-layout-flex\">\n<div class=\"wp-block-button\"><a class=\"wp-block-button__link wp-element-button\" href=\"http:\/\/canalcliente.temape.com.br\" target=\"_blank\" rel=\"noreferrer noopener\">Canal Cliente<\/a><\/div>\n<\/div>\n<\/div>\n\n\n\n<div class=\"wp-block-column is-layout-flow wp-block-column-is-layout-flow\"><\/div>\n\n\n\n<div class=\"wp-block-column is-layout-flow wp-block-column-is-layout-flow\" style=\"flex-basis:33.33%\">\n<h2 class=\"has-text-align-left wp-block-heading\">Documentos \u00fateis<\/h2>\n\n\n\n<hr class=\"wp-block-separator has-alpha-channel-opacity\"\/>\n\n\n\n<ul class=\"wp-block-list\">\n<li><a rel=\"noreferrer noopener\" href=\"https:\/\/temape.com.br\/wp\/wp-content\/uploads\/2022\/12\/Lista_Documentos.pdf\" target=\"_blank\">Lista de documentos CT<\/a><\/li>\n\n\n\n<li><a href=\"https:\/\/temape.com.br\/wp\/wp-content\/uploads\/2022\/12\/Guia_Agendamentos.pdf\" target=\"_blank\" rel=\"noreferrer noopener\">Guia para agendamento<\/a><\/li>\n<\/ul>\n<\/div>\n<\/div>\n","protected":false},"excerpt":{"rendered":"<p>Agendamento Online Encontre servi\u00e7os que s\u00e3o importantes no seu dia-a-dia: realizar programa\u00e7\u00f5es, agendar retiradas e acompanhar todo o processo operacional. Tudo isso, 24 horas por dia, sete dias por semana. \u2022 Gest\u00e3o de Estoque;\u2022 Planejamento de Carga e Descarga;\u2022 Relat\u00f3rios online de Agendamento e Movimenta\u00e7\u00e3o. Documentos \u00fateis<\/p>\n","protected":false},"author":1,"featured_media":0,"parent":0,"menu_order":0,"comment_status":"closed","ping_status":"closed","template":"templates\/template-page-full-width.php","meta":{"footnotes":""},"class_list":["post-71","page","type-page","status-publish","hentry"],"_links":{"self":[{"href":"https:\/\/temape.com.br\/wp\/wp-json\/wp\/v2\/pages\/71","targetHints":{"allow":["GET"]}}],"collection":[{"href":"https:\/\/temape.com.br\/wp\/wp-json\/wp\/v2\/pages"}],"about":[{"href":"https:\/\/temape.com.br\/wp\/wp-json\/wp\/v2\/types\/page"}],"author":[{"embeddable":true,"href":"https:\/\/temape.com.br\/wp\/wp-json\/wp\/v2\/users\/1"}],"replies":[{"embeddable":true,"href":"https:\/\/temape.com.br\/wp\/wp-json\/wp\/v2\/comments?post=71"}],"version-history":[{"count":11,"href":"https:\/\/temape.com.br\/wp\/wp-json\/wp\/v2\/pages\/71\/revisions"}],"predecessor-version":[{"id":154,"href":"https:\/\/temape.com.br\/wp\/wp-json\/wp\/v2\/pages\/71\/revisions\/154"}],"wp:attachment":[{"href":"https:\/\/temape.com.br\/wp\/wp-json\/wp\/v2\/media?parent=71"}],"curies":[{"name":"wp","href":"https:\/\/api.w.org\/{rel}","templated":true}]}}